{"id":987,"date":"2024-04-16T23:57:45","date_gmt":"2024-04-16T23:57:45","guid":{"rendered":"https:\/\/visitdragash.com\/?page_id=987"},"modified":"2024-08-26T12:49:57","modified_gmt":"2024-08-26T12:49:57","slug":"smjestaj","status":"publish","type":"page","link":"https:\/\/visitdragash.com\/index.php\/bs\/smjestaj\/","title":{"rendered":"Smje\u0161taj"},"content":{"rendered":"<p>[et_pb_section fb_built=&#8221;1&#8243; next_background_color=&#8221;#ffffff&#8221; admin_label=&#8221;section&#8221; _builder_version=&#8221;4.24.2&#8243; background_image=&#8221;https:\/\/visitdragash.com\/wp-content\/uploads\/2024\/02\/image44.jpg&#8221; custom_margin=&#8221;0px|0px|3px|0px||&#8221; custom_padding=&#8221;39px||95px|||&#8221; bottom_divider_style=&#8221;arrow2&#8243; bottom_divider_height_tablet=&#8221;&#8221; bottom_divider_height_phone=&#8221;&#8221; bottom_divider_height_last_edited=&#8221;on|phone&#8221; animation_style=&#8221;slide&#8221; animation_direction=&#8221;top&#8221; animation_intensity_slide=&#8221;5%&#8221; global_colors_info=&#8221;{}&#8221;][et_pb_row _builder_version=&#8221;4.24.0&#8243; custom_padding=&#8221;27px|0px|89px|0px&#8221; global_colors_info=&#8221;{}&#8221;][et_pb_column type=&#8221;4_4&#8243; _builder_version=&#8221;4.16&#8243; custom_padding=&#8221;|||&#8221; global_colors_info=&#8221;{}&#8221; custom_padding__hover=&#8221;|||&#8221;][et_pb_heading title=&#8221;SMJE\u0160TAJ&#8221; _builder_version=&#8221;4.24.3&#8243; _module_preset=&#8221;default&#8221; title_level=&#8221;h2&#8243; title_font=&#8221;|800|||||||&#8221; title_text_align=&#8221;center&#8221; title_text_color=&#8221;#FFFFFF&#8221; title_font_size=&#8221;60px&#8221; title_text_shadow_style=&#8221;preset2&#8243; global_colors_info=&#8221;{}&#8221;][\/et_pb_heading][\/et_pb_column][\/et_pb_row][\/et_pb_section][et_pb_section fb_built=&#8221;1&#8243; _builder_version=&#8221;4.24.2&#8243; _module_preset=&#8221;default&#8221; global_colors_info=&#8221;{}&#8221;][et_pb_row column_structure=&#8221;3_4,1_4&#8243; module_id=&#8221;hotel-meka-bs&#8221; _builder_version=&#8221;4.24.3&#8243; _module_preset=&#8221;default&#8221; global_colors_info=&#8221;{}&#8221;][et_pb_column type=&#8221;3_4&#8243; _builder_version=&#8221;4.24.2&#8243; _module_preset=&#8221;default&#8221; global_colors_info=&#8221;{}&#8221;][et_pb_heading title=&#8221;HOTEL MEKA&#8221; _builder_version=&#8221;4.24.3&#8243; _module_preset=&#8221;default&#8221; title_font=&#8221;|800|||||||&#8221; global_colors_info=&#8221;{}&#8221;][\/et_pb_heading][et_pb_gallery gallery_ids=&#8221;842,843,844,845&#8243; fullwidth=&#8221;on&#8221; module_class=&#8221;lwp-arrow-color&#8221; _builder_version=&#8221;4.24.3&#8243; _module_preset=&#8221;default&#8221; global_colors_info=&#8221;{}&#8221;][\/et_pb_gallery][et_pb_text _builder_version=&#8221;4.24.3&#8243; _module_preset=&#8221;default&#8221; border_width_bottom=&#8221;2px&#8221; border_style_bottom=&#8221;inset&#8221; global_colors_info=&#8221;{}&#8221;]<\/p>\n<p>Hotel Meka se nalazi u centru gradi\u0107a Draga\u0161. Ima 35 soba kapaciteta za 90 osoba. Postoje 2 konferencijske sale, soba za porodi\u010dne zabave, restoran, fitnes centar i prodavnicu.<br \/>Meka nudi veoma prijatno okru\u017eenje za svakoga.<\/p>\n<p>&nbsp;<\/p>\n<p>[\/et_pb_text][et_pb_heading title=&#8221;Adresa i kontakt&#8221; _builder_version=&#8221;4.24.3&#8243; _module_preset=&#8221;default&#8221; title_level=&#8221;h3&#8243; title_font=&#8221;|600|||||||&#8221; global_colors_info=&#8221;{}&#8221;][\/et_pb_heading][et_pb_blurb title=&#8221;Draga\u0161&#8221; use_icon=&#8221;on&#8221; font_icon=&#8221;&#xe081;||divi||400&#8243; icon_color=&#8221;gcid-6844639c-05ae-4c25-a102-c296d938a52e&#8221; icon_placement=&#8221;left&#8221; image_icon_width=&#8221;22px&#8221; content_max_width=&#8221;1100px&#8221; _builder_version=&#8221;4.25.0&#8243; _module_preset=&#8221;default&#8221; header_font=&#8221;|600|||||||&#8221; header_font_size=&#8221;18px&#8221; global_colors_info=&#8221;{%22gcid-6844639c-05ae-4c25-a102-c296d938a52e%22:%91%22icon_color%22%93}&#8221;][\/et_pb_blurb][et_pb_blurb title=&#8221;www.hotelmeka.com&#8221; use_icon=&#8221;on&#8221; font_icon=&#8221;&#xf0ac;||fa||900&#8243; icon_color=&#8221;gcid-6844639c-05ae-4c25-a102-c296d938a52e&#8221; icon_placement=&#8221;left&#8221; image_icon_width=&#8221;22px&#8221; content_max_width=&#8221;1100px&#8221; _builder_version=&#8221;4.24.3&#8243; _module_preset=&#8221;default&#8221; header_font=&#8221;|600|||||||&#8221; header_font_size=&#8221;18px&#8221; global_colors_info=&#8221;{%22gcid-6844639c-05ae-4c25-a102-c296d938a52e%22:%91%22icon_color%22%93}&#8221;][\/et_pb_blurb][et_pb_blurb title=&#8221;hotel@hotelmeka.com&#8221; use_icon=&#8221;on&#8221; font_icon=&#8221;&#xe076;||divi||400&#8243; icon_color=&#8221;gcid-6844639c-05ae-4c25-a102-c296d938a52e&#8221; icon_placement=&#8221;left&#8221; image_icon_width=&#8221;22px&#8221; content_max_width=&#8221;1100px&#8221; _builder_version=&#8221;4.24.3&#8243; _module_preset=&#8221;default&#8221; header_font=&#8221;|600|||||||&#8221; header_font_size=&#8221;18px&#8221; global_colors_info=&#8221;{%22gcid-6844639c-05ae-4c25-a102-c296d938a52e%22:%91%22icon_color%22%93}&#8221;][\/et_pb_blurb][et_pb_blurb title=&#8221;+386 (0)49 442 600,&#8221; use_icon=&#8221;on&#8221; font_icon=&#8221;&#xf87b;||fa||900&#8243; icon_color=&#8221;gcid-6844639c-05ae-4c25-a102-c296d938a52e&#8221; icon_placement=&#8221;left&#8221; image_icon_width=&#8221;22px&#8221; content_max_width=&#8221;1100px&#8221; _builder_version=&#8221;4.24.3&#8243; _module_preset=&#8221;default&#8221; header_font=&#8221;|600|||||||&#8221; header_font_size=&#8221;18px&#8221; global_colors_info=&#8221;{%22gcid-6844639c-05ae-4c25-a102-c296d938a52e%22:%91%22icon_color%22%93}&#8221;][\/et_pb_blurb][\/et_pb_column][et_pb_column type=&#8221;1_4&#8243; _builder_version=&#8221;4.24.2&#8243; _module_preset=&#8221;default&#8221; global_colors_info=&#8221;{}&#8221;][et_pb_blurb title=&#8221;Restaurant&#8221; use_icon=&#8221;on&#8221; font_icon=&#8221;&#xf2e7;||fa||900&#8243; icon_color=&#8221;gcid-6844639c-05ae-4c25-a102-c296d938a52e&#8221; icon_placement=&#8221;left&#8221; image_icon_width=&#8221;22px&#8221; _builder_version=&#8221;4.24.3&#8243; _module_preset=&#8221;default&#8221; header_font=&#8221;|600|||||||&#8221; header_font_size=&#8221;18px&#8221; custom_padding=&#8221;70px||||false|false&#8221; global_colors_info=&#8221;{%22gcid-6844639c-05ae-4c25-a102-c296d938a52e%22:%91%22icon_color%22%93}&#8221;][\/et_pb_blurb][et_pb_blurb title=&#8221;Parking za automobile&#8221; use_icon=&#8221;on&#8221; font_icon=&#8221;&#xf540;||fa||900&#8243; icon_color=&#8221;gcid-6844639c-05ae-4c25-a102-c296d938a52e&#8221; icon_placement=&#8221;left&#8221; image_icon_width=&#8221;22px&#8221; _builder_version=&#8221;4.24.3&#8243; _module_preset=&#8221;default&#8221; header_font=&#8221;|600|||||||&#8221; header_font_size=&#8221;18px&#8221; global_colors_info=&#8221;{%22gcid-6844639c-05ae-4c25-a102-c296d938a52e%22:%91%22icon_color%22%93}&#8221;][\/et_pb_blurb][et_pb_blurb title=&#8221;Free WI-Fi&#8221; use_icon=&#8221;on&#8221; font_icon=&#8221;&#xf1eb;||fa||900&#8243; icon_color=&#8221;gcid-6844639c-05ae-4c25-a102-c296d938a52e&#8221; icon_placement=&#8221;left&#8221; image_icon_width=&#8221;22px&#8221; _builder_version=&#8221;4.24.2&#8243; _module_preset=&#8221;default&#8221; header_font=&#8221;|600|||||||&#8221; header_font_size=&#8221;18px&#8221; global_colors_info=&#8221;{%22gcid-6844639c-05ae-4c25-a102-c296d938a52e%22:%91%22icon_color%22%93}&#8221;][\/et_pb_blurb][\/et_pb_column][\/et_pb_row][et_pb_row column_structure=&#8221;3_4,1_4&#8243; module_id=&#8221;arxhena-bs&#8221; _builder_version=&#8221;4.24.3&#8243; _module_preset=&#8221;default&#8221; global_colors_info=&#8221;{}&#8221;][et_pb_column type=&#8221;3_4&#8243; _builder_version=&#8221;4.24.2&#8243; _module_preset=&#8221;default&#8221; global_colors_info=&#8221;{}&#8221;][et_pb_heading title=&#8221;PLANINSKO ODMARALI\u0160TE ARD\u017dENA &#8221; _builder_version=&#8221;4.24.3&#8243; _module_preset=&#8221;default&#8221; title_font=&#8221;|800|||||||&#8221; global_colors_info=&#8221;{}&#8221;][\/et_pb_heading][et_pb_gallery gallery_ids=&#8221;445,444,417&#8243; fullwidth=&#8221;on&#8221; module_class=&#8221;lwp-arrow-color&#8221; _builder_version=&#8221;4.24.3&#8243; _module_preset=&#8221;default&#8221; global_colors_info=&#8221;{}&#8221;][\/et_pb_gallery][et_pb_text _builder_version=&#8221;4.24.3&#8243; _module_preset=&#8221;default&#8221; border_width_bottom=&#8221;2px&#8221; border_style_bottom=&#8221;inset&#8221; global_colors_info=&#8221;{}&#8221;]<\/p>\n<p>Planinsko odmarali\u0161te Ard\u017eena se nalazi ispred Rta Mlade, u prelepim kanjonima Broda. Ard\u017eena povezuje staru tradiciju sa modernom. Raspola\u017ee sa kapacitetom od 72 sobe, restoranom u zatvorenom i na otvorenom, konferencijskom salom, salom za porodi\u010dne zabave. Posjeduje i ski stazu do koje se dolazi preko \u017ei\u010dare, gdje se nalazi drugi restoran.<\/p>\n<p>&nbsp;<\/p>\n<p>[\/et_pb_text][et_pb_heading title=&#8221;Adresa i kontakt&#8221; _builder_version=&#8221;4.24.3&#8243; _module_preset=&#8221;default&#8221; title_level=&#8221;h3&#8243; title_font=&#8221;|600|||||||&#8221; global_colors_info=&#8221;{}&#8221;][\/et_pb_heading][et_pb_blurb title=&#8221;Bord &#8221; use_icon=&#8221;on&#8221; font_icon=&#8221;&#xe081;||divi||400&#8243; icon_color=&#8221;gcid-6844639c-05ae-4c25-a102-c296d938a52e&#8221; icon_placement=&#8221;left&#8221; image_icon_width=&#8221;22px&#8221; content_max_width=&#8221;1100px&#8221; _builder_version=&#8221;4.25.0&#8243; _module_preset=&#8221;default&#8221; header_font=&#8221;|600|||||||&#8221; header_font_size=&#8221;18px&#8221; global_colors_info=&#8221;{%22gcid-6844639c-05ae-4c25-a102-c296d938a52e%22:%91%22icon_color%22%93}&#8221;][\/et_pb_blurb][et_pb_blurb title=&#8221;www.arxhena.com&#8221; use_icon=&#8221;on&#8221; font_icon=&#8221;&#xf0ac;||fa||900&#8243; icon_color=&#8221;gcid-6844639c-05ae-4c25-a102-c296d938a52e&#8221; icon_placement=&#8221;left&#8221; image_icon_width=&#8221;22px&#8221; content_max_width=&#8221;1100px&#8221; _builder_version=&#8221;4.24.2&#8243; _module_preset=&#8221;default&#8221; header_font=&#8221;|600|||||||&#8221; header_font_size=&#8221;18px&#8221; global_colors_info=&#8221;{%22gcid-6844639c-05ae-4c25-a102-c296d938a52e%22:%91%22icon_color%22%93}&#8221;][\/et_pb_blurb][et_pb_blurb title=&#8221;info@arxhena.com&#8221; use_icon=&#8221;on&#8221; font_icon=&#8221;&#xe076;||divi||400&#8243; icon_color=&#8221;gcid-6844639c-05ae-4c25-a102-c296d938a52e&#8221; icon_placement=&#8221;left&#8221; image_icon_width=&#8221;22px&#8221; content_max_width=&#8221;1100px&#8221; _builder_version=&#8221;4.24.2&#8243; _module_preset=&#8221;default&#8221; header_font=&#8221;|600|||||||&#8221; header_font_size=&#8221;18px&#8221; global_colors_info=&#8221;{%22gcid-6844639c-05ae-4c25-a102-c296d938a52e%22:%91%22icon_color%22%93}&#8221;][\/et_pb_blurb][et_pb_blurb title=&#8221;+383 (0)44 402 368&#8243; use_icon=&#8221;on&#8221; font_icon=&#8221;&#xf1eb;||fa||900&#8243; icon_color=&#8221;gcid-6844639c-05ae-4c25-a102-c296d938a52e&#8221; icon_placement=&#8221;left&#8221; image_icon_width=&#8221;22px&#8221; content_max_width=&#8221;1100px&#8221; _builder_version=&#8221;4.24.2&#8243; _module_preset=&#8221;default&#8221; header_font=&#8221;|600|||||||&#8221; header_font_size=&#8221;18px&#8221; global_colors_info=&#8221;{%22gcid-6844639c-05ae-4c25-a102-c296d938a52e%22:%91%22icon_color%22%93}&#8221;][\/et_pb_blurb][\/et_pb_column][et_pb_column type=&#8221;1_4&#8243; _builder_version=&#8221;4.24.2&#8243; _module_preset=&#8221;default&#8221; global_colors_info=&#8221;{}&#8221;][et_pb_blurb title=&#8221;Restaurant&#8221; use_icon=&#8221;on&#8221; font_icon=&#8221;&#xf2e7;||fa||900&#8243; icon_color=&#8221;gcid-6844639c-05ae-4c25-a102-c296d938a52e&#8221; icon_placement=&#8221;left&#8221; image_icon_width=&#8221;22px&#8221; _builder_version=&#8221;4.24.2&#8243; _module_preset=&#8221;default&#8221; header_font=&#8221;|600|||||||&#8221; header_font_size=&#8221;18px&#8221; custom_padding=&#8221;70px||||false|false&#8221; global_colors_info=&#8221;{%22gcid-6844639c-05ae-4c25-a102-c296d938a52e%22:%91%22icon_color%22%93}&#8221;][\/et_pb_blurb][et_pb_blurb title=&#8221;Parking za automobile&#8221; use_icon=&#8221;on&#8221; font_icon=&#8221;&#xf540;||fa||900&#8243; icon_color=&#8221;gcid-6844639c-05ae-4c25-a102-c296d938a52e&#8221; icon_placement=&#8221;left&#8221; image_icon_width=&#8221;22px&#8221; _builder_version=&#8221;4.24.3&#8243; _module_preset=&#8221;default&#8221; header_font=&#8221;|600|||||||&#8221; header_font_size=&#8221;18px&#8221; global_colors_info=&#8221;{%22gcid-6844639c-05ae-4c25-a102-c296d938a52e%22:%91%22icon_color%22%93}&#8221;][\/et_pb_blurb][et_pb_blurb title=&#8221;Free WI-Fi&#8221; use_icon=&#8221;on&#8221; font_icon=&#8221;&#xf1eb;||fa||900&#8243; icon_color=&#8221;gcid-6844639c-05ae-4c25-a102-c296d938a52e&#8221; icon_placement=&#8221;left&#8221; image_icon_width=&#8221;22px&#8221; _builder_version=&#8221;4.24.2&#8243; _module_preset=&#8221;default&#8221; header_font=&#8221;|600|||||||&#8221; header_font_size=&#8221;18px&#8221; global_colors_info=&#8221;{%22gcid-6844639c-05ae-4c25-a102-c296d938a52e%22:%91%22icon_color%22%93}&#8221;][\/et_pb_blurb][et_pb_blurb title=&#8221;SPA&#8221; use_icon=&#8221;on&#8221; font_icon=&#8221;&#xf593;||fa||900&#8243; icon_color=&#8221;gcid-6844639c-05ae-4c25-a102-c296d938a52e&#8221; icon_placement=&#8221;left&#8221; image_icon_width=&#8221;22px&#8221; _builder_version=&#8221;4.24.2&#8243; _module_preset=&#8221;default&#8221; header_font=&#8221;|600|||||||&#8221; header_font_size=&#8221;18px&#8221; global_colors_info=&#8221;{%22gcid-6844639c-05ae-4c25-a102-c296d938a52e%22:%91%22icon_color%22%93}&#8221;][\/et_pb_blurb][\/et_pb_column][\/et_pb_row][et_pb_row column_structure=&#8221;3_4,1_4&#8243; module_id=&#8221;nbjeshk-bs&#8221; _builder_version=&#8221;4.24.3&#8243; _module_preset=&#8221;default&#8221; global_colors_info=&#8221;{}&#8221;][et_pb_column type=&#8221;3_4&#8243; _builder_version=&#8221;4.24.2&#8243; _module_preset=&#8221;default&#8221; global_colors_info=&#8221;{}&#8221;][et_pb_heading title=&#8221;N&#8217;BJESHKE &#8211; CRNI KAMEN&#8221; _builder_version=&#8221;4.24.3&#8243; _module_preset=&#8221;default&#8221; title_font=&#8221;|800|||||||&#8221; global_colors_info=&#8221;{}&#8221;][\/et_pb_heading][et_pb_gallery gallery_ids=&#8221;832,846,847,848&#8243; fullwidth=&#8221;on&#8221; module_class=&#8221;lwp-arrow-color&#8221; _builder_version=&#8221;4.24.3&#8243; _module_preset=&#8221;default&#8221; global_colors_info=&#8221;{}&#8221;][\/et_pb_gallery][et_pb_text _builder_version=&#8221;4.27.0&#8243; _module_preset=&#8221;default&#8221; hover_enabled=&#8221;0&#8243; border_width_bottom=&#8221;2px&#8221; border_style_bottom=&#8221;inset&#8221; global_colors_info=&#8221;{}&#8221; sticky_enabled=&#8221;0&#8243;]<\/p>\n<p>Hotel N&#8217;Bjeshke se nalazi 4 km od sela <span>Zaplu\u017eje<\/span> na nadmorskoj visini od 1500m. Hotel ima 6 soba, otvoreni i zatvoreni restoran kao i bio hranu.<br \/>Ovaj hotel pru\u017ea pogled na oko 10 sela Opolja, kao i svje\u017e vazduh koji dolazi iz bukove \u0161ume koja ga okru\u017euje.<\/p>\n<p>&nbsp;<\/p>\n<p>[\/et_pb_text][et_pb_heading title=&#8221;Adresa i kontakt&#8221; _builder_version=&#8221;4.24.3&#8243; _module_preset=&#8221;default&#8221; title_level=&#8221;h3&#8243; title_font=&#8221;|600|||||||&#8221; global_colors_info=&#8221;{}&#8221;][\/et_pb_heading][et_pb_blurb title=&#8221;Zaplu\u017eje&#8221; use_icon=&#8221;on&#8221; font_icon=&#8221;&#xe081;||divi||400&#8243; icon_color=&#8221;gcid-6844639c-05ae-4c25-a102-c296d938a52e&#8221; icon_placement=&#8221;left&#8221; image_icon_width=&#8221;22px&#8221; content_max_width=&#8221;1100px&#8221; _builder_version=&#8221;4.27.0&#8243; _module_preset=&#8221;default&#8221; header_font=&#8221;|600|||||||&#8221; header_font_size=&#8221;18px&#8221; hover_enabled=&#8221;0&#8243; global_colors_info=&#8221;{%22gcid-6844639c-05ae-4c25-a102-c296d938a52e%22:%91%22icon_color%22%93}&#8221; sticky_enabled=&#8221;0&#8243;][\/et_pb_blurb][et_pb_blurb title=&#8221;N&#8217;bjeshk&#8221; use_icon=&#8221;on&#8221; font_icon=&#8221;&#xf082;||fa||400&#8243; icon_color=&#8221;gcid-6844639c-05ae-4c25-a102-c296d938a52e&#8221; icon_placement=&#8221;left&#8221; image_icon_width=&#8221;22px&#8221; content_max_width=&#8221;1100px&#8221; _builder_version=&#8221;4.24.3&#8243; _module_preset=&#8221;default&#8221; header_font=&#8221;|600|||||||&#8221; header_font_size=&#8221;18px&#8221; global_colors_info=&#8221;{%22gcid-6844639c-05ae-4c25-a102-c296d938a52e%22:%91%22icon_color%22%93}&#8221;][\/et_pb_blurb][et_pb_blurb title=&#8221;+383 (0)44 402 368&#8243; use_icon=&#8221;on&#8221; font_icon=&#8221;&#xf1eb;||fa||900&#8243; icon_color=&#8221;gcid-6844639c-05ae-4c25-a102-c296d938a52e&#8221; icon_placement=&#8221;left&#8221; image_icon_width=&#8221;22px&#8221; content_max_width=&#8221;1100px&#8221; _builder_version=&#8221;4.24.2&#8243; _module_preset=&#8221;default&#8221; header_font=&#8221;|600|||||||&#8221; header_font_size=&#8221;18px&#8221; global_colors_info=&#8221;{%22gcid-6844639c-05ae-4c25-a102-c296d938a52e%22:%91%22icon_color%22%93}&#8221;][\/et_pb_blurb][\/et_pb_column][et_pb_column type=&#8221;1_4&#8243; _builder_version=&#8221;4.24.2&#8243; _module_preset=&#8221;default&#8221; global_colors_info=&#8221;{}&#8221;][et_pb_blurb title=&#8221;Restaurant&#8221; use_icon=&#8221;on&#8221; font_icon=&#8221;&#xf2e7;||fa||900&#8243; icon_color=&#8221;gcid-6844639c-05ae-4c25-a102-c296d938a52e&#8221; icon_placement=&#8221;left&#8221; image_icon_width=&#8221;22px&#8221; _builder_version=&#8221;4.24.2&#8243; _module_preset=&#8221;default&#8221; header_font=&#8221;|600|||||||&#8221; header_font_size=&#8221;18px&#8221; custom_padding=&#8221;70px||||false|false&#8221; global_colors_info=&#8221;{%22gcid-6844639c-05ae-4c25-a102-c296d938a52e%22:%91%22icon_color%22%93}&#8221;][\/et_pb_blurb][et_pb_blurb title=&#8221;Parking za automobile&#8221; use_icon=&#8221;on&#8221; font_icon=&#8221;&#xf540;||fa||900&#8243; icon_color=&#8221;gcid-6844639c-05ae-4c25-a102-c296d938a52e&#8221; icon_placement=&#8221;left&#8221; image_icon_width=&#8221;22px&#8221; _builder_version=&#8221;4.24.3&#8243; _module_preset=&#8221;default&#8221; header_font=&#8221;|600|||||||&#8221; header_font_size=&#8221;18px&#8221; global_colors_info=&#8221;{%22gcid-6844639c-05ae-4c25-a102-c296d938a52e%22:%91%22icon_color%22%93}&#8221;][\/et_pb_blurb][et_pb_blurb title=&#8221;Free WI-Fi&#8221; use_icon=&#8221;on&#8221; font_icon=&#8221;&#xf1eb;||fa||900&#8243; icon_color=&#8221;gcid-6844639c-05ae-4c25-a102-c296d938a52e&#8221; icon_placement=&#8221;left&#8221; image_icon_width=&#8221;22px&#8221; _builder_version=&#8221;4.24.2&#8243; _module_preset=&#8221;default&#8221; header_font=&#8221;|600|||||||&#8221; header_font_size=&#8221;18px&#8221; global_colors_info=&#8221;{%22gcid-6844639c-05ae-4c25-a102-c296d938a52e%22:%91%22icon_color%22%93}&#8221;][\/et_pb_blurb][\/et_pb_column][\/et_pb_row][et_pb_row column_structure=&#8221;3_4,1_4&#8243; module_id=&#8221;struzha-bs&#8221; _builder_version=&#8221;4.24.3&#8243; _module_preset=&#8221;default&#8221; global_colors_info=&#8221;{}&#8221;][et_pb_column type=&#8221;3_4&#8243; _builder_version=&#8221;4.24.2&#8243; _module_preset=&#8221;default&#8221; global_colors_info=&#8221;{}&#8221;][et_pb_heading title=&#8221;VIKENDICE STRU\u017dJA&#8221; _builder_version=&#8221;4.24.3&#8243; _module_preset=&#8221;default&#8221; title_font=&#8221;|800|||||||&#8221; global_colors_info=&#8221;{}&#8221;][\/et_pb_heading][et_pb_gallery gallery_ids=&#8221;833,849,850,851&#8243; fullwidth=&#8221;on&#8221; module_class=&#8221;lwp-arrow-color&#8221; _builder_version=&#8221;4.24.3&#8243; _module_preset=&#8221;default&#8221; global_colors_info=&#8221;{}&#8221;][\/et_pb_gallery][et_pb_text _builder_version=&#8221;4.27.0&#8243; _module_preset=&#8221;default&#8221; hover_enabled=&#8221;0&#8243; border_width_bottom=&#8221;2px&#8221; border_style_bottom=&#8221;inset&#8221; global_colors_info=&#8221;{}&#8221; sticky_enabled=&#8221;0&#8243;]<\/p>\n<p>Vikendice Stru\u017eja se nalaze 5 km od sela <span>Zaplu\u017eje<\/span> na nadmorskoj visini od 1500 m. Vikendice Stru\u017eja nude mogu\u0107nosti za odmor gdje mo\u017eete birati izme\u0111u 5 ku\u0107ica koje su idealne za porodi\u010dni odmor, kao i gde se u restoranu poslu\u017euju organskom hranom.<\/p>\n<p>&nbsp;<\/p>\n<p>[\/et_pb_text][et_pb_heading title=&#8221;Adresa i kontakt&#8221; _builder_version=&#8221;4.24.3&#8243; _module_preset=&#8221;default&#8221; title_level=&#8221;h3&#8243; title_font=&#8221;|600|||||||&#8221; global_colors_info=&#8221;{}&#8221;][\/et_pb_heading][et_pb_blurb title=&#8221;Zaplu\u017eje&#8221; use_icon=&#8221;on&#8221; font_icon=&#8221;&#xe081;||divi||400&#8243; icon_color=&#8221;gcid-6844639c-05ae-4c25-a102-c296d938a52e&#8221; icon_placement=&#8221;left&#8221; image_icon_width=&#8221;22px&#8221; content_max_width=&#8221;1100px&#8221; _builder_version=&#8221;4.27.0&#8243; _module_preset=&#8221;default&#8221; header_font=&#8221;|600|||||||&#8221; header_font_size=&#8221;18px&#8221; hover_enabled=&#8221;0&#8243; global_colors_info=&#8221;{%22gcid-6844639c-05ae-4c25-a102-c296d938a52e%22:%91%22icon_color%22%93}&#8221; sticky_enabled=&#8221;0&#8243;][\/et_pb_blurb][et_pb_blurb title=&#8221;Stanet e Struzhes&#8221; use_icon=&#8221;on&#8221; font_icon=&#8221;&#xf082;||fa||400&#8243; icon_color=&#8221;gcid-6844639c-05ae-4c25-a102-c296d938a52e&#8221; icon_placement=&#8221;left&#8221; image_icon_width=&#8221;22px&#8221; content_max_width=&#8221;1100px&#8221; _builder_version=&#8221;4.24.3&#8243; _module_preset=&#8221;default&#8221; header_font=&#8221;|600|||||||&#8221; header_font_size=&#8221;18px&#8221; global_colors_info=&#8221;{%22gcid-6844639c-05ae-4c25-a102-c296d938a52e%22:%91%22icon_color%22%93}&#8221;][\/et_pb_blurb][et_pb_blurb title=&#8221;+383 (0)45 819 545,&#8221; use_icon=&#8221;on&#8221; font_icon=&#8221;&#xf1eb;||fa||900&#8243; icon_color=&#8221;gcid-6844639c-05ae-4c25-a102-c296d938a52e&#8221; icon_placement=&#8221;left&#8221; image_icon_width=&#8221;22px&#8221; content_max_width=&#8221;1100px&#8221; _builder_version=&#8221;4.24.3&#8243; _module_preset=&#8221;default&#8221; header_font=&#8221;|600|||||||&#8221; header_font_size=&#8221;18px&#8221; global_colors_info=&#8221;{%22gcid-6844639c-05ae-4c25-a102-c296d938a52e%22:%91%22icon_color%22%93}&#8221;][\/et_pb_blurb][\/et_pb_column][et_pb_column type=&#8221;1_4&#8243; _builder_version=&#8221;4.24.2&#8243; _module_preset=&#8221;default&#8221; global_colors_info=&#8221;{}&#8221;][et_pb_blurb title=&#8221;Restaurant&#8221; use_icon=&#8221;on&#8221; font_icon=&#8221;&#xf2e7;||fa||900&#8243; icon_color=&#8221;gcid-6844639c-05ae-4c25-a102-c296d938a52e&#8221; icon_placement=&#8221;left&#8221; image_icon_width=&#8221;22px&#8221; _builder_version=&#8221;4.24.2&#8243; _module_preset=&#8221;default&#8221; header_font=&#8221;|600|||||||&#8221; header_font_size=&#8221;18px&#8221; custom_padding=&#8221;70px||||false|false&#8221; global_colors_info=&#8221;{%22gcid-6844639c-05ae-4c25-a102-c296d938a52e%22:%91%22icon_color%22%93}&#8221;][\/et_pb_blurb][et_pb_blurb title=&#8221;Parking za automobile&#8221; use_icon=&#8221;on&#8221; font_icon=&#8221;&#xf540;||fa||900&#8243; icon_color=&#8221;gcid-6844639c-05ae-4c25-a102-c296d938a52e&#8221; icon_placement=&#8221;left&#8221; image_icon_width=&#8221;22px&#8221; _builder_version=&#8221;4.24.3&#8243; _module_preset=&#8221;default&#8221; header_font=&#8221;|600|||||||&#8221; header_font_size=&#8221;18px&#8221; global_colors_info=&#8221;{%22gcid-6844639c-05ae-4c25-a102-c296d938a52e%22:%91%22icon_color%22%93}&#8221;][\/et_pb_blurb][et_pb_blurb title=&#8221;Free WI-Fi&#8221; use_icon=&#8221;on&#8221; font_icon=&#8221;&#xf1eb;||fa||900&#8243; icon_color=&#8221;gcid-6844639c-05ae-4c25-a102-c296d938a52e&#8221; icon_placement=&#8221;left&#8221; image_icon_width=&#8221;22px&#8221; _builder_version=&#8221;4.24.2&#8243; _module_preset=&#8221;default&#8221; header_font=&#8221;|600|||||||&#8221; header_font_size=&#8221;18px&#8221; global_colors_info=&#8221;{%22gcid-6844639c-05ae-4c25-a102-c296d938a52e%22:%91%22icon_color%22%93}&#8221;][\/et_pb_blurb][\/et_pb_column][\/et_pb_row][\/et_pb_section][et_pb_section fb_built=&#8221;1&#8243; disabled_on=&#8221;off|off|on&#8221; _builder_version=&#8221;4.16&#8243; custom_padding=&#8221;||0px|&#8221; global_colors_info=&#8221;{}&#8221;][et_pb_row use_custom_gutter=&#8221;on&#8221; gutter_width=&#8221;1&#8243; _builder_version=&#8221;4.16&#8243; background_color=&#8221;#F2AE2B&#8221; background_color_gradient_direction=&#8221;311deg&#8221; custom_padding=&#8221;27px|0px|27px|0px&#8221; animation_style=&#8221;slide&#8221; animation_direction=&#8221;bottom&#8221; global_colors_info=&#8221;{}&#8221;][et_pb_column type=&#8221;4_4&#8243; _builder_version=&#8221;4.16&#8243; custom_padding=&#8221;|||&#8221; global_colors_info=&#8221;{}&#8221; custom_padding__hover=&#8221;|||&#8221;][et_pb_text _builder_version=&#8221;4.16&#8243; text_font=&#8221;||||||||&#8221; text_orientation=&#8221;center&#8221; global_colors_info=&#8221;{}&#8221;]<img loading=\"lazy\" decoding=\"async\" class=\"wp-image-50447 alignnone size-full\" src=\"https:\/\/visitdragash.com\/wp-content\/uploads\/2024\/02\/01-01-01.png\" alt=\"\" width=\"9\" height=\"18\" \/>\u00a0 \u00a0 \u00a0 \u00a0 \u00a0 \u00a0 \u00a0 \u00a0<img loading=\"lazy\" decoding=\"async\" class=\"wp-image-50448 alignnone size-full\" src=\"https:\/\/visitdragash.com\/wp-content\/uploads\/2024\/02\/02-02-02.png\" alt=\"\" width=\"23\" height=\"18\" \/>\u00a0 \u00a0 \u00a0 \u00a0 \u00a0 \u00a0 \u00a0 \u00a0<img loading=\"lazy\" decoding=\"async\" class=\"wp-image-50449 alignnone size-full\" src=\"https:\/\/visitdragash.com\/wp-content\/uploads\/2024\/02\/03-03-03.png\" alt=\"\" width=\"18\" height=\"18\" \/><br \/>\n[\/et_pb_text][\/et_pb_column][\/et_pb_row][\/et_pb_section]<\/p>\n","protected":false},"excerpt":{"rendered":"<p>Hotel Meka se nalazi u centru gradi\u0107a Draga\u0161. Ima 35 soba kapaciteta za 90 osoba. Postoje 2 konferencijske sale, soba za porodi\u010dne zabave, restoran, fitnes centar i prodavnicu.Meka nudi veoma prijatno okru\u017eenje za svakoga. &nbsp;Planinsko odmarali\u0161te Ard\u017eena se nalazi ispred Rta Mlade, u prelepim kanjonima Broda. Ard\u017eena povezuje staru tradiciju sa modernom. Raspola\u017ee sa kapacitetom [&hellip;]<\/p>\n","protected":false},"author":1,"featured_media":0,"parent":0,"menu_order":0,"comment_status":"closed","ping_status":"closed","template":"","meta":{"_et_pb_use_builder":"on","_et_pb_old_content":"","_et_gb_content_width":"","footnotes":""},"class_list":["post-987","page","type-page","status-publish","hentry"],"_links":{"self":[{"href":"https:\/\/visitdragash.com\/index.php\/wp-json\/wp\/v2\/pages\/987","targetHints":{"allow":["GET"]}}],"collection":[{"href":"https:\/\/visitdragash.com\/index.php\/wp-json\/wp\/v2\/pages"}],"about":[{"href":"https:\/\/visitdragash.com\/index.php\/wp-json\/wp\/v2\/types\/page"}],"author":[{"embeddable":true,"href":"https:\/\/visitdragash.com\/index.php\/wp-json\/wp\/v2\/users\/1"}],"replies":[{"embeddable":true,"href":"https:\/\/visitdragash.com\/index.php\/wp-json\/wp\/v2\/comments?post=987"}],"version-history":[{"count":5,"href":"https:\/\/visitdragash.com\/index.php\/wp-json\/wp\/v2\/pages\/987\/revisions"}],"predecessor-version":[{"id":1356,"href":"https:\/\/visitdragash.com\/index.php\/wp-json\/wp\/v2\/pages\/987\/revisions\/1356"}],"wp:attachment":[{"href":"https:\/\/visitdragash.com\/index.php\/wp-json\/wp\/v2\/media?parent=987"}],"curies":[{"name":"wp","href":"https:\/\/api.w.org\/{rel}","templated":true}]}}